{"id":47641,"date":"2026-04-16T09:44:21","date_gmt":"2026-04-16T09:44:21","guid":{"rendered":"https:\/\/fram.is\/?post_type=product&#038;p=47641"},"modified":"2026-04-16T09:46:30","modified_gmt":"2026-04-16T09:46:30","slug":"fram-poncho-2-0","status":"publish","type":"product","link":"https:\/\/fram.is\/is\/product\/fram-poncho-2-0\/","title":{"rendered":"Fram Poncho 2.0"},"content":{"rendered":"<p>Fram Poncho \u00fatg\u00e1fa 2.0<\/p>\n<p>Efni: Fl\u00eds (ekki jafn \u00feykkt og fyrri \u00fatg\u00e1fa). Gott til a\u00f0 halda \u00e1 s\u00e9r hita \u00ed sumar!<\/p>\n<p>Kemur \u00ed fullor\u00f0ins og barnast\u00e6r\u00f0.<\/p>\n<p><strong>Vi\u00f0 munum leggja inn p\u00f6ntun 15. ma\u00ed. <\/strong><strong>Afhending innan m\u00e1na\u00f0ar fr\u00e1 \u00feeim degi. L\u00e1tum kaupendur vita.<\/strong><\/p>","protected":false},"excerpt":{"rendered":"<p>Fram Poncho \u00fatg\u00e1fa 2.0<\/p>\n<p>Efni: Fl\u00eds (ekki jafn \u00feykkt og fyrri \u00fatg\u00e1fa). Gott til a\u00f0 halda \u00e1 s\u00e9r hita \u00ed sumar!<\/p>\n<p>Kemur \u00ed fullor\u00f0ins og barnast\u00e6r\u00f0.<\/p>\n<p><strong>Vi\u00f0 munum leggja inn p\u00f6ntun 15. ma\u00ed. <\/strong><strong>Afhending innan m\u00e1na\u00f0ar fr\u00e1 \u00feeim degi. L\u00e1tum kaupendur vita.<\/strong><\/p>","protected":false},"featured_media":47642,"template":"","meta":{"_monsterinsights_skip_tracking":false,"_monsterinsights_sitenote_active":false,"_monsterinsights_sitenote_note":"","_monsterinsights_sitenote_category":0},"product_cat":[86],"product_tag":[],"class_list":{"0":"post-47641","1":"product","2":"type-product","3":"status-publish","4":"has-post-thumbnail","6":"product_cat-fram-vorur","8":"first","9":"instock","10":"shipping-taxable","11":"purchasable","12":"product-type-variable"},"jetpack_sharing_enabled":true,"_links":{"self":[{"href":"https:\/\/fram.is\/is\/wp-json\/wp\/v2\/product\/47641","targetHints":{"allow":["GET"]}}],"collection":[{"href":"https:\/\/fram.is\/is\/wp-json\/wp\/v2\/product"}],"about":[{"href":"https:\/\/fram.is\/is\/wp-json\/wp\/v2\/types\/product"}],"wp:featuredmedia":[{"embeddable":true,"href":"https:\/\/fram.is\/is\/wp-json\/wp\/v2\/media\/47642"}],"wp:attachment":[{"href":"https:\/\/fram.is\/is\/wp-json\/wp\/v2\/media?parent=47641"}],"wp:term":[{"taxonomy":"product_cat","embeddable":true,"href":"https:\/\/fram.is\/is\/wp-json\/wp\/v2\/product_cat?post=47641"},{"taxonomy":"product_tag","embeddable":true,"href":"https:\/\/fram.is\/is\/wp-json\/wp\/v2\/product_tag?post=47641"}],"curies":[{"name":"wp","href":"https:\/\/api.w.org\/{rel}","templated":true}]}}